{"id":757,"date":"2022-03-23T16:00:37","date_gmt":"2022-03-23T16:00:37","guid":{"rendered":"https:\/\/bambiroig.cat\/politica-de-privacidad\/"},"modified":"2023-06-26T16:35:02","modified_gmt":"2023-06-26T16:35:02","slug":"politica-de-privacidad","status":"publish","type":"page","link":"https:\/\/bambiroig.cat\/es\/politica-de-privacidad\/","title":{"rendered":"Pol\u00edtica de privacidad"},"content":{"rendered":"\n<p><strong>POL\u00cdTICA DE PRIVACIDAD<\/strong> <\/p>\n\n<p><strong>Art.1 Reglas de confidencialidad<\/strong> <\/p>\n\n<p>El reglamento general de protecci\u00f3n de datos de 27 de abril de 2016 (\u00ab RGPD \u00bb en adelante GDPR, que significa el General Data Protection Regulation) se aplica desde el 25 de mayo de 2018. Impone reglas y condiciones estrictas para las empresas, dentro del \u00e1mbito del procesamiento de datos personales de sus clientes y prospectos, y esto con el fin de proteger su privacidad. <\/p>\n\n<p>Por ese motivo pretendemos proporcionarle informaci\u00f3n clara y precisa sobre el procesamiento de sus datos personales. <\/p>\n\n<p><strong>Art.2 El responsable del tratamiento<\/strong> <\/p>\n\n<p>El responsable del tratamiento de sus datos personales es la persona a cargo del sitio web que utiliz\u00f3 y al que le comunic\u00f3 los datos. <\/p>\n\n<p><strong>Art.3 Base legal del tratamiento de datos y de su utilizaci\u00f3n<\/strong> <\/p>\n\n<p>S\u00f3lo podemos utilizar sus datos personales para fines leg\u00edtimos y necesarios (Art\u00edculo 6 de la GDPR): Esto significa en la pr\u00e1ctica que procesamos sus datos personales, ya sea en formato electr\u00f3nico o no, para fines leg\u00edtimos en el contexto de la relaci\u00f3n contractual, comercial y de seguridad. Estos prop\u00f3sitos incluyen, entre otros, los siguientes :<\/p>\n\n<ul class=\"wp-block-list\">\n<li>Comunicaci\u00f3n de informaci\u00f3n, ofertas y prospectos;<\/li>\n\n\n\n<li>Comunicaciones en relaci\u00f3n con la ejecuci\u00f3n de un contrato;<\/li>\n<\/ul>\n\n<p><strong>Art.4 Que representa un dato personal<\/strong> <\/p>\n\n<p>Los datos personales incluyen toda la informaci\u00f3n que le concierne y sobre la base de la cual puede ser identificado. Los datos an\u00f3nimos, que no lo identifican, no se consideran datos personales. Sus datos personales pueden, por lo tanto, incluir :<\/p>\n\n<ul class=\"wp-block-list\">\n<li>Datos relacionados con su identidad (apellido, nombre, direcci\u00f3n, NIF, etc);<\/li>\n\n\n\n<li>Datos relacionados con su persona (n\u00famero de tel\u00e9fono, correo electr\u00f3nico personal, etc);<\/li>\n\n\n\n<li>Datos financieros (n\u00famero de cuenta bancaria, detalles de facturaci\u00f3n, etc);<\/li>\n\n\n\n<li>Datos relacionados con la ejecuci\u00f3n del contrato celebrado con nosotros (objeto del contrato, direcci\u00f3n de facturaci\u00f3n, datos profesionales, etc);<\/li>\n\n\n\n<li>Datos relacionados con el uso de equipos electr\u00f3nicos, como ordenadores (contrase\u00f1a, datos de registro, datos de identificaci\u00f3n electr\u00f3nica, detalles de facturaci\u00f3n, etc.);<\/li>\n<\/ul>\n\n<p>Datos de car\u00e1cter sensible : <\/p>\n\n<p>El procesamiento de datos personales que revelan origen racial o \u00e9tnico, opiniones pol\u00edticas, creencias religiosas o filos\u00f3ficas, as\u00ed como el procesamiento de datos gen\u00e9ticos, datos biom\u00e9tricos con el fin de identificar de forma \u00fanica a una persona f\u00edsica, datos sobre la vida sexual u orientaci\u00f3n sexual de una persona f\u00edsica est\u00e1n prohibidos. Estamos comprometidos a cumplir estrictamente con esta prohibici\u00f3n. <\/p>\n\n<p><strong>\u00bfC\u00f3mo usamos su informaci\u00f3n?<\/strong><\/p>\n\n<p><strong>\u00bfCon qui\u00e9n compartimos su informaci\u00f3n?<\/strong><\/p>\n\n<p><strong>Art.5 Fuente y origen de los datos a car\u00e1cter personal<\/strong> <\/p>\n\n<p>Normalmente, los datos que tenemos provienen de usted. <\/p>\n\n<p>Si no tiene la intenci\u00f3n de proporcionar la informaci\u00f3n requerida o necesaria, puede perder el beneficio de ciertas ventajas y\/o podemos decidir terminar los servicios que tenemos con usted. <\/p>\n\n<p><strong>Art.6 Acceso a los datos a car\u00e1cter personal<\/strong> <\/p>\n\n<p>Sus datos son principalmente para uso interno. Por ciertos motivos leg\u00edtimos, sus datos personales pueden ser divulgados o incluso procesados por terceros. Sin embargo, aseguraremos el cumplimiento de las normas GDPR por parte de nuestros subcontratistas. El procesamiento de datos por parte de estos \u00faltimo se rige por un marco legal estricto. <\/p>\n\n<p><strong>Art.7 Duraci\u00f3n de conservaci\u00f3n de los datos<\/strong> <\/p>\n\n<p>Ponemos los medios necesarios para garantizar que la retenci\u00f3n de datos personales para los fines descritos anteriormente no exceda los per\u00edodos legales. <\/p>\n\n<p><strong>Art.8 \u00bfCu\u00e1les son sus derechos?<\/strong> <\/p>\n\n<p>Nos comprometemos a tomar las medidas t\u00e9cnicas y organizativas apropiadas para garantizar la seguridad del procesamiento de los datos personales de cada uno (Art\u00edculo 32 de la GDPR).<\/p>\n\n<ul class=\"wp-block-list\">\n<li>Derecho de acceso (Art\u00edculo 15 de la GDPR)<\/li>\n<\/ul>\n\n<p>Otorgamos a todos el derecho de acceder a sus propios datos personales y el derecho de obtener o hacer una copia razonable de los mismos.<\/p>\n\n<ul class=\"wp-block-list\">\n<li>Derecho de rectificaci\u00f3n (Art\u00edculo 16 GDPR)<\/li>\n<\/ul>\n\n<p>Reconocemos la posibilidad de solicitar la rectificaci\u00f3n de datos err\u00f3neos.<\/p>\n\n<ul class=\"wp-block-list\">\n<li>Derecho a ser olvidado (Art\u00edculo 17 de la GDPR) y Derecho a la limitaci\u00f3n de tratamiento (Art\u00edculo 18 de la GDPR)<\/li>\n<\/ul>\n\n<p>Nos comprometemos a otorgarle la eliminaci\u00f3n de sus datos personales, particularmente en los siguientes casos :<\/p>\n\n<ul class=\"wp-block-list\">\n<li>Datos que ya no son necesarios para los fines para los que fueron recopilados o procesados<\/li>\n\n\n\n<li>Usted se opone al tratamiento<\/li>\n\n\n\n<li>Los datos personales han estado sujetos a procesamiento ilegal<\/li>\n\n\n\n<li>Derecho a presentar una reclamaci\u00f3n (Art\u00edculo 77 de la GDPR)<\/li>\n<\/ul>\n\n<p>El cliente tiene derecho a presentar una reclamaci\u00f3n ante la Agencia Espa\u00f1ola de Protecci\u00f3n de Datos, en cualquier momento si considera que el procesamiento de sus datos personales constituye una violaci\u00f3n de GDPR. <\/p>\n\n<p><strong>Art.9. Nuestro compromiso<\/strong> <\/p>\n\n<p>Nuestro objetivo es implementar procesos de seguridad para proteger los datos almacenados contra el acceso no autorizado, el uso indebido, la manipulaci\u00f3n, la destrucci\u00f3n ilegal o accidental y la p\u00e9rdida accidental. <\/p>\n\n<p><strong>Art.10. Procedimiento en caso de violaci\u00f3n<\/strong> <\/p>\n\n<p>Siempre cabe la posibilidad de que los datos personales procesados en el contexto de la relaci\u00f3n contractual caigan en manos equivocadas como resultado de error humano, error inform\u00e1tico, etc. <\/p>\n\n<p>Cuando la violaci\u00f3n suponga un alto riesgo para los derechos y libertades de las personas, le informaremos inmediatamente sobre los hechos y las medidas consideradas. Nos aseguraremos de que se notifique a la Agencia Espa\u00f1ola de Protecci\u00f3n de Datos dentro de las 72 horas posteriores a la notificaci\u00f3n de la violaci\u00f3n en cuesti\u00f3n, a menos que la violaci\u00f3n no suponga un alto riesgo para los derechos y libertades de las personas. (Art\u00edculo 32-34 del GDPR). <\/p>\n\n<p>Su aceptaci\u00f3n : <\/p>\n\n<p><strong>Art. 11. Consentimiento<\/strong> <\/p>\n\n<p>Usted da su consentimiento expreso e inequ\u00edvoco para el procesamiento de datos personales seg\u00fan se describe en esta Pol\u00edtica de Privacidad. Usted tiene el derecho de retirar su consentimiento en cualquier momento previa solicitud por escrito. Nos reservamos el derecho de modificar esta Pol\u00edtica de Privacidad.<\/p>\n","protected":false},"excerpt":{"rendered":"<p>POL\u00cdTICA DE PRIVACIDAD Art.1 Reglas de confidencialidad El reglamento general de protecci\u00f3n de datos de 27 de abril de 2016 (\u00ab RGPD \u00bb en adelante GDPR, que significa el General Data Protection Regulation) se aplica desde el 25 de mayo de 2018. Impone reglas y condiciones estrictas para las empresas, dentro del \u00e1mbito del procesamiento [&hellip;]<\/p>\n","protected":false},"author":1,"featured_media":0,"parent":0,"menu_order":0,"comment_status":"closed","ping_status":"closed","template":"","meta":{"footnotes":""},"class_list":["post-757","page","type-page","status-publish","hentry"],"yoast_head":"<!-- This site is optimized with the Yoast SEO plugin v20.10 - https:\/\/yoast.com\/wordpress\/plugins\/seo\/ -->\n<title>Pol\u00edtica de privacidad - Bambi Roig<\/title>\n<meta name=\"robots\" content=\"index, follow, max-snippet:-1, max-image-preview:large, max-video-preview:-1\" \/>\n<link rel=\"canonical\" href=\"https:\/\/bambiroig.cat\/es\/politica-de-privacidad\/\" \/>\n<meta property=\"og:locale\" content=\"es_ES\" \/>\n<meta property=\"og:type\" content=\"article\" \/>\n<meta property=\"og:title\" content=\"Pol\u00edtica de privacidad - Bambi Roig\" \/>\n<meta property=\"og:description\" content=\"POL\u00cdTICA DE PRIVACIDAD Art.1 Reglas de confidencialidad El reglamento general de protecci\u00f3n de datos de 27 de abril de 2016 (\u00ab RGPD \u00bb en adelante GDPR, que significa el General Data Protection Regulation) se aplica desde el 25 de mayo de 2018. Impone reglas y condiciones estrictas para las empresas, dentro del \u00e1mbito del procesamiento [&hellip;]\" \/>\n<meta property=\"og:url\" content=\"https:\/\/bambiroig.cat\/es\/politica-de-privacidad\/\" \/>\n<meta property=\"og:site_name\" content=\"Bambi Roig\" \/>\n<meta property=\"article:modified_time\" content=\"2023-06-26T16:35:02+00:00\" \/>\n<meta name=\"twitter:card\" content=\"summary_large_image\" \/>\n<meta name=\"twitter:label1\" content=\"Tiempo de lectura\" \/>\n\t<meta name=\"twitter:data1\" content=\"5 minutos\" \/>\n<script type=\"application\/ld+json\" class=\"yoast-schema-graph\">{\"@context\":\"https:\/\/schema.org\",\"@graph\":[{\"@type\":\"WebPage\",\"@id\":\"https:\/\/bambiroig.cat\/es\/politica-de-privacidad\/\",\"url\":\"https:\/\/bambiroig.cat\/es\/politica-de-privacidad\/\",\"name\":\"Pol\u00edtica de privacidad - Bambi Roig\",\"isPartOf\":{\"@id\":\"https:\/\/bambiroig.cat\/es\/#website\"},\"datePublished\":\"2022-03-23T16:00:37+00:00\",\"dateModified\":\"2023-06-26T16:35:02+00:00\",\"breadcrumb\":{\"@id\":\"https:\/\/bambiroig.cat\/es\/politica-de-privacidad\/#breadcrumb\"},\"inLanguage\":\"es\",\"potentialAction\":[{\"@type\":\"ReadAction\",\"target\":[\"https:\/\/bambiroig.cat\/es\/politica-de-privacidad\/\"]}]},{\"@type\":\"BreadcrumbList\",\"@id\":\"https:\/\/bambiroig.cat\/es\/politica-de-privacidad\/#breadcrumb\",\"itemListElement\":[{\"@type\":\"ListItem\",\"position\":1,\"name\":\"Portada\",\"item\":\"https:\/\/bambiroig.cat\/es\/\"},{\"@type\":\"ListItem\",\"position\":2,\"name\":\"Pol\u00edtica de privacidad\"}]},{\"@type\":\"WebSite\",\"@id\":\"https:\/\/bambiroig.cat\/es\/#website\",\"url\":\"https:\/\/bambiroig.cat\/es\/\",\"name\":\"Bambi Roig\",\"description\":\"Escuela infantil privada en Barcelona\",\"potentialAction\":[{\"@type\":\"SearchAction\",\"target\":{\"@type\":\"EntryPoint\",\"urlTemplate\":\"https:\/\/bambiroig.cat\/es\/?s={search_term_string}\"},\"query-input\":\"required name=search_term_string\"}],\"inLanguage\":\"es\"}]}<\/script>\n<!-- \/ Yoast SEO plugin. -->","yoast_head_json":{"title":"Pol\u00edtica de privacidad - Bambi Roig","robots":{"index":"index","follow":"follow","max-snippet":"max-snippet:-1","max-image-preview":"max-image-preview:large","max-video-preview":"max-video-preview:-1"},"canonical":"https:\/\/bambiroig.cat\/es\/politica-de-privacidad\/","og_locale":"es_ES","og_type":"article","og_title":"Pol\u00edtica de privacidad - Bambi Roig","og_description":"POL\u00cdTICA DE PRIVACIDAD Art.1 Reglas de confidencialidad El reglamento general de protecci\u00f3n de datos de 27 de abril de 2016 (\u00ab RGPD \u00bb en adelante GDPR, que significa el General Data Protection Regulation) se aplica desde el 25 de mayo de 2018. Impone reglas y condiciones estrictas para las empresas, dentro del \u00e1mbito del procesamiento [&hellip;]","og_url":"https:\/\/bambiroig.cat\/es\/politica-de-privacidad\/","og_site_name":"Bambi Roig","article_modified_time":"2023-06-26T16:35:02+00:00","twitter_card":"summary_large_image","twitter_misc":{"Tiempo de lectura":"5 minutos"},"schema":{"@context":"https:\/\/schema.org","@graph":[{"@type":"WebPage","@id":"https:\/\/bambiroig.cat\/es\/politica-de-privacidad\/","url":"https:\/\/bambiroig.cat\/es\/politica-de-privacidad\/","name":"Pol\u00edtica de privacidad - Bambi Roig","isPartOf":{"@id":"https:\/\/bambiroig.cat\/es\/#website"},"datePublished":"2022-03-23T16:00:37+00:00","dateModified":"2023-06-26T16:35:02+00:00","breadcrumb":{"@id":"https:\/\/bambiroig.cat\/es\/politica-de-privacidad\/#breadcrumb"},"inLanguage":"es","potentialAction":[{"@type":"ReadAction","target":["https:\/\/bambiroig.cat\/es\/politica-de-privacidad\/"]}]},{"@type":"BreadcrumbList","@id":"https:\/\/bambiroig.cat\/es\/politica-de-privacidad\/#breadcrumb","itemListElement":[{"@type":"ListItem","position":1,"name":"Portada","item":"https:\/\/bambiroig.cat\/es\/"},{"@type":"ListItem","position":2,"name":"Pol\u00edtica de privacidad"}]},{"@type":"WebSite","@id":"https:\/\/bambiroig.cat\/es\/#website","url":"https:\/\/bambiroig.cat\/es\/","name":"Bambi Roig","description":"Escuela infantil privada en Barcelona","potentialAction":[{"@type":"SearchAction","target":{"@type":"EntryPoint","urlTemplate":"https:\/\/bambiroig.cat\/es\/?s={search_term_string}"},"query-input":"required name=search_term_string"}],"inLanguage":"es"}]}},"_links":{"self":[{"href":"https:\/\/bambiroig.cat\/es\/wp-json\/wp\/v2\/pages\/757","targetHints":{"allow":["GET"]}}],"collection":[{"href":"https:\/\/bambiroig.cat\/es\/wp-json\/wp\/v2\/pages"}],"about":[{"href":"https:\/\/bambiroig.cat\/es\/wp-json\/wp\/v2\/types\/page"}],"author":[{"embeddable":true,"href":"https:\/\/bambiroig.cat\/es\/wp-json\/wp\/v2\/users\/1"}],"replies":[{"embeddable":true,"href":"https:\/\/bambiroig.cat\/es\/wp-json\/wp\/v2\/comments?post=757"}],"version-history":[{"count":1,"href":"https:\/\/bambiroig.cat\/es\/wp-json\/wp\/v2\/pages\/757\/revisions"}],"predecessor-version":[{"id":758,"href":"https:\/\/bambiroig.cat\/es\/wp-json\/wp\/v2\/pages\/757\/revisions\/758"}],"wp:attachment":[{"href":"https:\/\/bambiroig.cat\/es\/wp-json\/wp\/v2\/media?parent=757"}],"curies":[{"name":"wp","href":"https:\/\/api.w.org\/{rel}","templated":true}]}}